{"id":14,"date":"2025-02-17T17:57:23","date_gmt":"2025-02-17T17:57:23","guid":{"rendered":"https:\/\/ananke-venture.com\/?page_id=9"},"modified":"2025-12-08T22:04:28","modified_gmt":"2025-12-08T22:04:28","slug":"home","status":"publish","type":"page","link":"https:\/\/ike-limited.com\/es\/","title":{"rendered":"Inicio"},"content":{"rendered":"<div data-elementor-type=\"wp-page\" data-elementor-id=\"14\" class=\"elementor elementor-14\">\n\t\t\t\t<div class=\"elementor-element elementor-element-82888b3 e-con-full e-flex e-con e-parent\" data-id=\"82888b3\" data-element_type=\"container\">\n\t\t\t\t<div class=\"elementor-element elementor-element-d1bd409 elementor-widget elementor-widget-html\" data-id=\"d1bd409\" data-element_type=\"widget\" data-widget_type=\"html.default\">\n\t\t\t\t\t<video id=\"miVideo\" autoplay muted loop playsinline>\r\n  \r\n<source src=\"https:\/\/ike-limited.com\/wp-content\/uploads\/2025\/12\/Intikilla.mp4\" type=\"video\/mp4\">\r\n<source src=\"https:\/\/ike-limited.com\/wp-content\/uploads\/2025\/11\/Intikillaa.webm\" type=\"video\/webm\">\r\nTu navegador no soporta la reproducci\u00f3n de video.\r\n<\/video>\r\n\r\n<button id=\"muteButton\">\ud83d\udd07 Activar Sonido<\/button>\r\n\r\n<script>\r\n var video = document.getElementById(\"miVideo\");\r\nvar button = document.getElementById(\"muteButton\");\r\n\r\nbutton.addEventListener(\"click\", function() {\r\nif (video.muted) {\r\nvideo.muted = false;\r\nbutton.innerText = \"\ud83d\udd0a Silenciar\";\r\n} else {\r\nvideo.muted = true;\r\nbutton.innerText = \"\ud83d\udd07 Activar Sonido\";\r\n}\r\n});\r\n<\/script>\r\n\r\n<style>\r\n#muteButton {\r\nposition: absolute;\r\nbottom: 200px;\r\nright: 20px;\r\npadding: 10px;\r\nbackground: rgba(0, 0, 0, 0.7);\r\ncolor: white;\r\nborder: none;\r\ncursor: pointer;\r\nborder-radius: 5px;\r\n}\r\n@media screen and (max-width: 480px) {\r\n#muteButton {\r\nbottom: 10px;\r\nfont-size: 10px;\r\nright: 10px;\r\n}\r\n}\r\n<\/style>\t\t\t\t<\/div>\n\t\t\t\t<\/div>\n\t\t<div class=\"elementor-element elementor-element-6ad4bf4 e-flex e-con-boxed e-con e-parent\" data-id=\"6ad4bf4\" data-element_type=\"container\" data-settings=\"{&quot;background_background&quot;:&quot;classic&quot;}\">\n\t\t\t\t\t<div class=\"e-con-inner\">\n\t\t\t\t<div class=\"elementor-element elementor-element-3e46051 elementor-widget__width-inherit elementor-invisible elementor-widget elementor-widget-text-editor\" data-id=\"3e46051\" data-element_type=\"widget\" data-settings=\"{&quot;_animation&quot;:&quot;slideInUp&quot;}\" data-widget_type=\"text-editor.default\">\n\t\t\t\t\t\t\t\t\t<p>M\u00e1s que inversiones,\u00a0<strong><span class=\"col2\">creamos impacto y valor<\/span><\/strong><\/p>\t\t\t\t\t\t\t\t<\/div>\n\t\t<div class=\"elementor-element elementor-element-cdd7ae6 e-flex e-con-boxed e-con e-child\" data-id=\"cdd7ae6\" data-element_type=\"container\">\n\t\t\t\t\t<div class=\"e-con-inner\">\n\t\t\t\t<div class=\"elementor-element elementor-element-a9913c2 elementor-widget elementor-widget-image\" data-id=\"a9913c2\" data-element_type=\"widget\" data-widget_type=\"image.default\">\n\t\t\t\t\t\t\t\t\t\t\t\t\t\t\t<img fetchpriority=\"high\" decoding=\"async\" width=\"370\" height=\"469\" src=\"https:\/\/ike-limited.com\/wp-content\/uploads\/2025\/10\/image1.webp\" class=\"attachment-full size-full wp-image-1798\" alt=\"\" srcset=\"https:\/\/ike-limited.com\/wp-content\/uploads\/2025\/10\/image1.webp 370w, https:\/\/ike-limited.com\/wp-content\/uploads\/2025\/10\/image1-237x300.webp 237w, https:\/\/ike-limited.com\/wp-content\/uploads\/2025\/10\/image1-9x12.webp 9w\" sizes=\"(max-width: 370px) 100vw, 370px\" \/>\t\t\t\t\t\t\t\t\t\t\t\t\t\t\t<\/div>\n\t\t\t\t<div class=\"elementor-element elementor-element-e816d4c elementor-widget elementor-widget-image\" data-id=\"e816d4c\" data-element_type=\"widget\" data-widget_type=\"image.default\">\n\t\t\t\t\t\t\t\t\t\t\t\t\t\t\t<img decoding=\"async\" width=\"370\" height=\"497\" src=\"https:\/\/ike-limited.com\/wp-content\/uploads\/2025\/10\/image2.webp\" class=\"attachment-full size-full wp-image-1799\" alt=\"\" srcset=\"https:\/\/ike-limited.com\/wp-content\/uploads\/2025\/10\/image2.webp 370w, https:\/\/ike-limited.com\/wp-content\/uploads\/2025\/10\/image2-223x300.webp 223w, https:\/\/ike-limited.com\/wp-content\/uploads\/2025\/10\/image2-9x12.webp 9w\" sizes=\"(max-width: 370px) 100vw, 370px\" \/>\t\t\t\t\t\t\t\t\t\t\t\t\t\t\t<\/div>\n\t\t\t\t<div class=\"elementor-element elementor-element-d6e5432 elementor-widget elementor-widget-image\" data-id=\"d6e5432\" data-element_type=\"widget\" data-widget_type=\"image.default\">\n\t\t\t\t\t\t\t\t\t\t\t\t\t\t\t<img decoding=\"async\" width=\"370\" height=\"528\" src=\"https:\/\/ike-limited.com\/wp-content\/uploads\/2025\/10\/image3.webp\" class=\"attachment-full size-full wp-image-1800\" alt=\"\" srcset=\"https:\/\/ike-limited.com\/wp-content\/uploads\/2025\/10\/image3.webp 370w, https:\/\/ike-limited.com\/wp-content\/uploads\/2025\/10\/image3-210x300.webp 210w, https:\/\/ike-limited.com\/wp-content\/uploads\/2025\/10\/image3-8x12.webp 8w\" sizes=\"(max-width: 370px) 100vw, 370px\" \/>\t\t\t\t\t\t\t\t\t\t\t\t\t\t\t<\/div>\n\t\t\t\t\t<\/div>\n\t\t\t\t<\/div>\n\t\t\t\t\t<\/div>\n\t\t\t\t<\/div>\n\t\t<div class=\"elementor-element elementor-element-4281a2f e-flex e-con-boxed e-con e-parent\" data-id=\"4281a2f\" data-element_type=\"container\" id=\"eco\">\n\t\t\t\t\t<div class=\"e-con-inner\">\n\t\t\t\t<div class=\"elementor-element elementor-element-363d1fd elementor-widget-mobile__width-initial elementor-invisible elementor-widget elementor-widget-text-editor\" data-id=\"363d1fd\" data-element_type=\"widget\" data-settings=\"{&quot;_animation&quot;:&quot;slideInDown&quot;}\" data-widget_type=\"text-editor.default\">\n\t\t\t\t\t\t\t\t\t<p>Mira m\u00e1s all\u00e1 del presente e <strong>invierta en la pr\u00f3xima generaci\u00f3n<\/strong><\/p>\t\t\t\t\t\t\t\t<\/div>\n\t\t\t\t<div class=\"elementor-element elementor-element-792e1ca elementor-widget elementor-widget-text-editor\" data-id=\"792e1ca\" data-element_type=\"widget\" data-widget_type=\"text-editor.default\">\n\t\t\t\t\t\t\t\t\t<p>Convertimos la promesa en resultados<\/p>\t\t\t\t\t\t\t\t<\/div>\n\t\t\t\t<div class=\"elementor-element elementor-element-cb46fe8 elementor-widget-tablet__width-auto elementor-invisible elementor-widget elementor-widget-text-editor\" data-id=\"cb46fe8\" data-element_type=\"widget\" data-settings=\"{&quot;_animation&quot;:&quot;slideInDown&quot;}\" data-widget_type=\"text-editor.default\">\n\t\t\t\t\t\t\t\t\t<p>Ecosistema de fundadores y financiadores de <strong>negocios rentables y sostenibles.<\/strong><\/p>\t\t\t\t\t\t\t\t<\/div>\n\t\t<div class=\"elementor-element elementor-element-5c50888 e-con-full e-flex e-con e-child\" data-id=\"5c50888\" data-element_type=\"container\">\n\t\t\t\t<div class=\"elementor-element elementor-element-fa8ae8e elementor-widget elementor-widget-image\" data-id=\"fa8ae8e\" data-element_type=\"widget\" data-widget_type=\"image.default\">\n\t\t\t\t\t\t\t\t\t\t\t\t\t\t\t<img loading=\"lazy\" decoding=\"async\" width=\"140\" height=\"300\" src=\"https:\/\/ike-limited.com\/wp-content\/uploads\/2025\/11\/isologo.webp\" class=\"attachment-full size-full wp-image-2120\" alt=\"\" srcset=\"https:\/\/ike-limited.com\/wp-content\/uploads\/2025\/11\/isologo.webp 140w, https:\/\/ike-limited.com\/wp-content\/uploads\/2025\/11\/isologo-6x12.webp 6w\" sizes=\"(max-width: 140px) 100vw, 140px\" \/>\t\t\t\t\t\t\t\t\t\t\t\t\t\t\t<\/div>\n\t\t\t\t<\/div>\n\t\t<div class=\"elementor-element elementor-element-931b309 e-flex e-con-boxed e-con e-child\" data-id=\"931b309\" data-element_type=\"container\">\n\t\t\t\t\t<div class=\"e-con-inner\">\n\t\t<div class=\"elementor-element elementor-element-071264b e-con-full e-flex elementor-invisible e-con e-child\" data-id=\"071264b\" data-element_type=\"container\" data-settings=\"{&quot;background_background&quot;:&quot;classic&quot;,&quot;animation&quot;:&quot;slideInLeft&quot;}\">\n\t\t\t\t<div class=\"elementor-element elementor-element-78b73cf elementor-widget elementor-widget-text-editor\" data-id=\"78b73cf\" data-element_type=\"widget\" data-widget_type=\"text-editor.default\">\n\t\t\t\t\t\t\t\t\t<h5 class=\"translation-block\">\u00c9XITO SOSTENIBLE<\/h5>\t\t\t\t\t\t\t\t<\/div>\n\t\t\t\t<\/div>\n\t\t<div class=\"elementor-element elementor-element-eb8eca6 e-con-full e-flex elementor-invisible e-con e-child\" data-id=\"eb8eca6\" data-element_type=\"container\" data-settings=\"{&quot;animation&quot;:&quot;slideInRight&quot;}\">\n\t\t\t\t<div class=\"elementor-element elementor-element-bd0b862 elementor-widget__width-inherit elementor-widget elementor-widget-text-editor\" data-id=\"bd0b862\" data-element_type=\"widget\" data-widget_type=\"text-editor.default\">\n\t\t\t\t\t\t\t\t\t<p><strong>\u00bfEres el fundador de una empresa?<\/strong><\/p><p>Nuestro prop\u00f3sito consiste en mantener tu empresa operativa.<br \/>Invertimos en empresas rentables que desean maximizar sus posibilidades de \u00e9xito y construir un negocio a largo plazo.<br \/><br \/><\/p>\t\t\t\t\t\t\t\t<\/div>\n\t\t\t\t<\/div>\n\t\t\t\t\t<\/div>\n\t\t\t\t<\/div>\n\t\t\t\t\t<\/div>\n\t\t\t\t<\/div>\n\t\t<div class=\"elementor-element elementor-element-7d77a29 e-flex e-con-boxed e-con e-parent\" data-id=\"7d77a29\" data-element_type=\"container\">\n\t\t\t\t\t<div class=\"e-con-inner\">\n\t\t<div class=\"elementor-element elementor-element-2946a57 e-flex e-con-boxed e-con e-child\" data-id=\"2946a57\" data-element_type=\"container\">\n\t\t\t\t\t<div class=\"e-con-inner\">\n\t\t<div class=\"elementor-element elementor-element-687d8d1 e-con-full e-flex elementor-invisible e-con e-child\" data-id=\"687d8d1\" data-element_type=\"container\" data-settings=\"{&quot;animation&quot;:&quot;slideInLeft&quot;}\">\n\t\t\t\t<div class=\"elementor-element elementor-element-d51a8dd elementor-widget__width-inherit elementor-widget elementor-widget-text-editor\" data-id=\"d51a8dd\" data-element_type=\"widget\" data-widget_type=\"text-editor.default\">\n\t\t\t\t\t\t\t\t\t<p><strong>\u00bfValora usted la asociaci\u00f3n por encima de lo material?<\/strong><\/p><p>Nuestra estructura de inversi\u00f3n de Acuerdo de Ganancias Compartidas permite que los fundadores tengan el control total y nos alinea con sus objetivos. Ganamos cuando usted gana y en sus t\u00e9rminos.<\/p>\t\t\t\t\t\t\t\t<\/div>\n\t\t\t\t<\/div>\n\t\t<div class=\"elementor-element elementor-element-5c41748 e-con-full e-flex elementor-invisible e-con e-child\" data-id=\"5c41748\" data-element_type=\"container\" data-settings=\"{&quot;background_background&quot;:&quot;classic&quot;,&quot;animation&quot;:&quot;slideInRight&quot;}\">\n\t\t\t\t<div class=\"elementor-element elementor-element-5429088 elementor-widget elementor-widget-text-editor\" data-id=\"5429088\" data-element_type=\"widget\" data-widget_type=\"text-editor.default\">\n\t\t\t\t\t\t\t\t\t<h5>FINANCIACI\u00d3N ALINEADA<br \/><strong>CON LOS FUNDADORES<\/strong><\/h5>\t\t\t\t\t\t\t\t<\/div>\n\t\t\t\t<\/div>\n\t\t\t\t\t<\/div>\n\t\t\t\t<\/div>\n\t\t\t\t<div class=\"elementor-element elementor-element-9097776 elementor-widget__width-inherit elementor-widget-divider--view-line elementor-invisible elementor-widget elementor-widget-divider\" data-id=\"9097776\" data-element_type=\"widget\" data-settings=\"{&quot;_animation&quot;:&quot;slideInDown&quot;}\" data-widget_type=\"divider.default\">\n\t\t\t\t\t\t\t<div class=\"elementor-divider\">\n\t\t\t<span class=\"elementor-divider-separator\">\n\t\t\t\t\t\t<\/span>\n\t\t<\/div>\n\t\t\t\t\t\t<\/div>\n\t\t<div class=\"elementor-element elementor-element-e1fc11e e-flex e-con-boxed e-con e-child\" data-id=\"e1fc11e\" data-element_type=\"container\">\n\t\t\t\t\t<div class=\"e-con-inner\">\n\t\t<div class=\"elementor-element elementor-element-400012e e-con-full e-flex elementor-invisible e-con e-child\" data-id=\"400012e\" data-element_type=\"container\" data-settings=\"{&quot;background_background&quot;:&quot;classic&quot;,&quot;animation&quot;:&quot;slideInLeft&quot;}\">\n\t\t\t\t<div class=\"elementor-element elementor-element-f60d619 elementor-widget elementor-widget-text-editor\" data-id=\"f60d619\" data-element_type=\"widget\" data-widget_type=\"text-editor.default\">\n\t\t\t\t\t\t\t\t\t<h5><strong>TRANSPARENCIA<\/strong><br \/>RADICAL<\/h5>\t\t\t\t\t\t\t\t<\/div>\n\t\t\t\t<\/div>\n\t\t<div class=\"elementor-element elementor-element-4ca855a e-con-full e-flex elementor-invisible e-con e-child\" data-id=\"4ca855a\" data-element_type=\"container\" data-settings=\"{&quot;animation&quot;:&quot;slideInRight&quot;}\">\n\t\t\t\t<div class=\"elementor-element elementor-element-7a9ce5a elementor-widget__width-inherit elementor-widget elementor-widget-text-editor\" data-id=\"7a9ce5a\" data-element_type=\"widget\" data-widget_type=\"text-editor.default\">\n\t\t\t\t\t\t\t\t\t<p><strong>Aprendamos y crezcamos juntos.<\/strong><\/p><p>Somos un libro abierto. Creemos que los aprendizajes compartidos se convierten en ganancias compartidas a trav\u00e9s de acuerdos transparentes. Nuestro objetivo es ser una fuente abierta de informaci\u00f3n.<\/p>\t\t\t\t\t\t\t\t<\/div>\n\t\t\t\t<\/div>\n\t\t\t\t\t<\/div>\n\t\t\t\t<\/div>\n\t\t\t\t\t<\/div>\n\t\t\t\t<\/div>\n\t\t<div class=\"elementor-element elementor-element-627022f e-flex e-con-boxed e-con e-parent\" data-id=\"627022f\" data-element_type=\"container\">\n\t\t\t\t\t<div class=\"e-con-inner\">\n\t\t<div class=\"elementor-element elementor-element-5a17110 e-flex e-con-boxed e-con e-child\" data-id=\"5a17110\" data-element_type=\"container\">\n\t\t\t\t\t<div class=\"e-con-inner\">\n\t\t<div class=\"elementor-element elementor-element-6349d0b e-con-full e-flex elementor-invisible e-con e-child\" data-id=\"6349d0b\" data-element_type=\"container\" data-settings=\"{&quot;animation&quot;:&quot;slideInLeft&quot;}\">\n\t\t\t\t<div class=\"elementor-element elementor-element-b1e09b1 elementor-widget__width-inherit elementor-widget elementor-widget-text-editor\" data-id=\"b1e09b1\" data-element_type=\"widget\" data-widget_type=\"text-editor.default\">\n\t\t\t\t\t\t\t\t\t<p><strong>\u00bfQuieres una red de mentores experimentados?<\/strong><\/p><p>Con m\u00e1s de 10 (en aumento) fundadores de empresas de Tecnolog\u00eda e Informaci\u00f3n, construcci\u00f3n, industria, comercio, financiero y energ\u00e9tico a nivel global (Las Am\u00e9ricas, Europa y Asia) experimentados como mentores e inversionistas en la comunidad de Inti Killa Enterprises Limited, la mentor\u00eda es su ventaja competitiva.<\/p>\t\t\t\t\t\t\t\t<\/div>\n\t\t\t\t<\/div>\n\t\t<div class=\"elementor-element elementor-element-4f3f3f3 e-con-full e-flex elementor-invisible e-con e-child\" data-id=\"4f3f3f3\" data-element_type=\"container\" data-settings=\"{&quot;background_background&quot;:&quot;classic&quot;,&quot;animation&quot;:&quot;slideInRight&quot;}\">\n\t\t\t\t<div class=\"elementor-element elementor-element-958172d elementor-widget elementor-widget-text-editor\" data-id=\"958172d\" data-element_type=\"widget\" data-widget_type=\"text-editor.default\">\n\t\t\t\t\t\t\t\t\t<h5>MENTOR\u00cdA<br \/><strong>REAL SIN EGO<\/strong><\/h5>\t\t\t\t\t\t\t\t<\/div>\n\t\t\t\t<\/div>\n\t\t\t\t\t<\/div>\n\t\t\t\t<\/div>\n\t\t\t\t<div class=\"elementor-element elementor-element-721f5f5 elementor-widget__width-inherit elementor-widget-divider--view-line elementor-invisible elementor-widget elementor-widget-divider\" data-id=\"721f5f5\" data-element_type=\"widget\" data-settings=\"{&quot;_animation&quot;:&quot;slideInDown&quot;}\" data-widget_type=\"divider.default\">\n\t\t\t\t\t\t\t<div class=\"elementor-divider\">\n\t\t\t<span class=\"elementor-divider-separator\">\n\t\t\t\t\t\t<\/span>\n\t\t<\/div>\n\t\t\t\t\t\t<\/div>\n\t\t\t\t<div class=\"elementor-element elementor-element-29084a3 elementor-widget-mobile__width-initial elementor-invisible elementor-widget elementor-widget-text-editor\" data-id=\"29084a3\" data-element_type=\"widget\" data-settings=\"{&quot;_animation&quot;:&quot;slideInDown&quot;}\" data-widget_type=\"text-editor.default\">\n\t\t\t\t\t\t\t\t\t<p class=\"translation-block\">Apoyando a los creadores de<br \/><strong><span class=\"neg\">empresas a trav\u00e9s de capital<\/span><\/strong><\/p>\t\t\t\t\t\t\t\t<\/div>\n\t\t<div class=\"elementor-element elementor-element-917df6e e-con-full e-flex e-con e-child\" data-id=\"917df6e\" data-element_type=\"container\">\n\t\t<div class=\"elementor-element elementor-element-ffe2358 e-flex e-con-boxed elementor-invisible e-con e-child\" data-id=\"ffe2358\" data-element_type=\"container\" data-settings=\"{&quot;animation&quot;:&quot;slideInDown&quot;}\">\n\t\t\t\t\t<div class=\"e-con-inner\">\n\t\t\t\t<div class=\"elementor-element elementor-element-09aa93b elementor-widget elementor-widget-text-editor\" data-id=\"09aa93b\" data-element_type=\"widget\" data-widget_type=\"text-editor.default\">\n\t\t\t\t\t\t\t\t\t<p>\u00bfQuieres relacionarte con Inti Killa Enterprises Limited.?<\/p>\t\t\t\t\t\t\t\t<\/div>\n\t\t\t\t\t<\/div>\n\t\t\t\t<\/div>\n\t\t<div class=\"elementor-element elementor-element-1024fbe e-con-full e-flex elementor-invisible e-con e-child\" data-id=\"1024fbe\" data-element_type=\"container\" data-settings=\"{&quot;background_background&quot;:&quot;classic&quot;,&quot;animation&quot;:&quot;slideInUp&quot;}\">\n\t\t\t\t<div class=\"elementor-element elementor-element-2909b15 elementor-widget elementor-widget-text-editor\" data-id=\"2909b15\" data-element_type=\"widget\" data-widget_type=\"text-editor.default\">\n\t\t\t\t\t\t\t\t\t<h5 class=\"translation-block\">Cu\u00e9ntanos <strong><span class=\"neg\">sobre ti<\/span><\/strong><\/h5>\t\t\t\t\t\t\t\t<\/div>\n\t\t\t\t<\/div>\n\t\t\t\t<\/div>\n\t\t\t\t\t<\/div>\n\t\t\t\t<\/div>\n\t\t<div class=\"elementor-element elementor-element-0b21d3d e-flex e-con-boxed e-con e-parent\" data-id=\"0b21d3d\" data-element_type=\"container\">\n\t\t\t\t\t<div class=\"e-con-inner\">\n\t\t<div class=\"elementor-element elementor-element-8be601d e-con-full e-flex e-con e-child\" data-id=\"8be601d\" data-element_type=\"container\">\n\t\t\t\t<div class=\"elementor-element elementor-element-d5df646 elementor-widget elementor-widget-image\" data-id=\"d5df646\" data-element_type=\"widget\" data-widget_type=\"image.default\">\n\t\t\t\t\t\t\t\t\t\t\t\t\t\t\t<img loading=\"lazy\" decoding=\"async\" width=\"140\" height=\"300\" src=\"https:\/\/ike-limited.com\/wp-content\/uploads\/2025\/11\/isologo.webp\" class=\"attachment-full size-full wp-image-2120\" alt=\"\" srcset=\"https:\/\/ike-limited.com\/wp-content\/uploads\/2025\/11\/isologo.webp 140w, https:\/\/ike-limited.com\/wp-content\/uploads\/2025\/11\/isologo-6x12.webp 6w\" sizes=\"(max-width: 140px) 100vw, 140px\" \/>\t\t\t\t\t\t\t\t\t\t\t\t\t\t\t<\/div>\n\t\t\t\t<\/div>\n\t\t<div class=\"elementor-element elementor-element-84514ce e-flex e-con-boxed e-con e-child\" data-id=\"84514ce\" data-element_type=\"container\" data-settings=\"{&quot;background_background&quot;:&quot;classic&quot;}\">\n\t\t\t\t\t<div class=\"e-con-inner\">\n\t\t\t\t<div class=\"elementor-element elementor-element-d085ff1 elementor-mobile-align-justify elementor-widget__width-initial elementor-widget elementor-widget-button\" data-id=\"d085ff1\" data-element_type=\"widget\" data-widget_type=\"button.default\">\n\t\t\t\t\t\t\t\t\t\t<a class=\"elementor-button elementor-button-link elementor-size-sm\" href=\"https:\/\/ike-limited.com\/index.php\/aplicar-como-fundador\/\">\n\t\t\t\t\t\t<span class=\"elementor-button-content-wrapper\">\n\t\t\t\t\t\t\t\t\t<span class=\"elementor-button-text\">Soy el fundador de una empresa.<\/span>\n\t\t\t\t\t<\/span>\n\t\t\t\t\t<\/a>\n\t\t\t\t\t\t\t\t<\/div>\n\t\t\t\t<div class=\"elementor-element elementor-element-6c41413 elementor-mobile-align-justify elementor-widget__width-initial elementor-widget elementor-widget-button\" data-id=\"6c41413\" data-element_type=\"widget\" data-widget_type=\"button.default\">\n\t\t\t\t\t\t\t\t\t\t<a class=\"elementor-button elementor-button-link elementor-size-sm\" href=\"https:\/\/ike-limited.com\/index.php\/aplicar-como-inversor\/\">\n\t\t\t\t\t\t<span class=\"elementor-button-content-wrapper\">\n\t\t\t\t\t\t\t\t\t<span class=\"elementor-button-text\">Soy un inversionista que busca respaldar empresas.<\/span>\n\t\t\t\t\t<\/span>\n\t\t\t\t\t<\/a>\n\t\t\t\t\t\t\t\t<\/div>\n\t\t\t\t\t<\/div>\n\t\t\t\t<\/div>\n\t\t\t\t\t<\/div>\n\t\t\t\t<\/div>\n\t\t<div class=\"elementor-element elementor-element-818e902 e-flex e-con-boxed e-con e-parent\" data-id=\"818e902\" data-element_type=\"container\">\n\t\t\t\t\t<div class=\"e-con-inner\">\n\t\t<div class=\"elementor-element elementor-element-470898d e-con-full e-flex e-con e-child\" data-id=\"470898d\" data-element_type=\"container\" data-settings=\"{&quot;background_background&quot;:&quot;classic&quot;}\">\n\t\t\t\t<\/div>\n\t\t\t\t\t<\/div>\n\t\t\t\t<\/div>\n\t\t<div class=\"elementor-element elementor-element-33d6383 e-flex e-con-boxed e-con e-parent\" data-id=\"33d6383\" data-element_type=\"container\">\n\t\t\t\t\t<div class=\"e-con-inner\">\n\t\t\t\t<div class=\"elementor-element elementor-element-3b0e6d7 elementor-widget elementor-widget-html\" data-id=\"3b0e6d7\" data-element_type=\"widget\" data-widget_type=\"html.default\">\n\t\t\t\t\t<script>\r\ndocument.addEventListener(\"scroll\", () => {\r\n  if (window.scrollY > 50) {\r\n    document.body.classList.add(\"scrolled\");\r\n  } else {\r\n    document.body.classList.remove(\"scrolled\");\r\n  }\r\n});\r\n<\/script>\r\n\t\t\t\t<\/div>\n\t\t\t\t\t<\/div>\n\t\t\t\t<\/div>\n\t\t\t\t<\/div>","protected":false},"excerpt":{"rendered":"<p>Tu navegador no soporta la reproducci\u00f3n de video. \ud83d\udd07 Activar Sonido More than investments,\u00a0we create impact and value Look beyond today and invest for the next generation We turn the promise into results Ecosystem of founders and financiers of profitable and sustainable businesses. SUSTAINABLE SUCCESS Are you the founder of a company? Our purpose is [&hellip;]<\/p>","protected":false},"author":2,"featured_media":0,"parent":0,"menu_order":0,"comment_status":"closed","ping_status":"closed","template":"elementor_header_footer","meta":{"footnotes":""},"class_list":["post-14","page","type-page","status-publish","hentry"],"_links":{"self":[{"href":"https:\/\/ike-limited.com\/es\/wp-json\/wp\/v2\/pages\/14","targetHints":{"allow":["GET"]}}],"collection":[{"href":"https:\/\/ike-limited.com\/es\/wp-json\/wp\/v2\/pages"}],"about":[{"href":"https:\/\/ike-limited.com\/es\/wp-json\/wp\/v2\/types\/page"}],"author":[{"embeddable":true,"href":"https:\/\/ike-limited.com\/es\/wp-json\/wp\/v2\/users\/2"}],"replies":[{"embeddable":true,"href":"https:\/\/ike-limited.com\/es\/wp-json\/wp\/v2\/comments?post=14"}],"version-history":[{"count":207,"href":"https:\/\/ike-limited.com\/es\/wp-json\/wp\/v2\/pages\/14\/revisions"}],"predecessor-version":[{"id":2595,"href":"https:\/\/ike-limited.com\/es\/wp-json\/wp\/v2\/pages\/14\/revisions\/2595"}],"wp:attachment":[{"href":"https:\/\/ike-limited.com\/es\/wp-json\/wp\/v2\/media?parent=14"}],"curies":[{"name":"wp","href":"https:\/\/api.w.org\/{rel}","templated":true}]}}