{"id":692,"date":"2025-02-20T21:39:51","date_gmt":"2025-02-20T21:39:51","guid":{"rendered":"https:\/\/ananke-venture.com\/?page_id=692"},"modified":"2025-11-19T02:29:51","modified_gmt":"2025-11-19T02:29:51","slug":"nosotros","status":"publish","type":"page","link":"https:\/\/ike-limited.com\/es\/nosotros\/","title":{"rendered":"Nosotros"},"content":{"rendered":"<div data-elementor-type=\"wp-page\" data-elementor-id=\"692\" class=\"elementor elementor-692\">\n\t\t\t\t<div class=\"elementor-element elementor-element-1c3ce31 e-flex e-con-boxed e-con e-parent\" data-id=\"1c3ce31\" data-element_type=\"container\">\n\t\t\t\t\t<div class=\"e-con-inner\">\n\t\t\t\t<div class=\"elementor-element elementor-element-2799a27 elementor-invisible elementor-widget elementor-widget-text-editor\" data-id=\"2799a27\" data-element_type=\"widget\" data-settings=\"{&quot;_animation&quot;:&quot;fadeIn&quot;}\" data-widget_type=\"text-editor.default\">\n\t\t\t\t\t\t\t\t\t<h1>NOSOTROS<\/h1>\t\t\t\t\t\t\t\t<\/div>\n\t\t<div class=\"elementor-element elementor-element-bd73869 e-flex e-con-boxed e-con e-child\" data-id=\"bd73869\" data-element_type=\"container\">\n\t\t\t\t\t<div class=\"e-con-inner\">\n\t\t<div class=\"elementor-element elementor-element-4af0d65 e-con-full e-flex e-con e-child\" data-id=\"4af0d65\" data-element_type=\"container\">\n\t\t\t\t<div class=\"elementor-element elementor-element-e98adbc elementor-invisible elementor-widget elementor-widget-text-editor\" data-id=\"e98adbc\" data-element_type=\"widget\" data-settings=\"{&quot;_animation&quot;:&quot;slideInLeft&quot;}\" data-widget_type=\"text-editor.default\">\n\t\t\t\t\t\t\t\t\t<p>SOBRE NOSOTROS<\/p>\t\t\t\t\t\t\t\t<\/div>\n\t\t\t\t<div class=\"elementor-element elementor-element-b0f4a76 elementor-invisible elementor-widget elementor-widget-text-editor\" data-id=\"b0f4a76\" data-element_type=\"widget\" data-settings=\"{&quot;_animation&quot;:&quot;slideInLeft&quot;}\" data-widget_type=\"text-editor.default\">\n\t\t\t\t\t\t\t\t\t<p>Inti Killa Enterprises Limited. es una corporac\u00edon que invierte en la etapa inicial de empresas focalizadas en sectores de tecnolog\u00eda e Informaci\u00f3n, construcci\u00f3n, industria, comercio, financiero y energ\u00e9tico a nivel global (Las Am\u00e9ricas, Europa y Asia). Somos un equipo innovador que nos enfocamos en financiar a emprendedores que desean crear negocios sustentables y rentables.  Inti Killa Enterprises Limited. cre\u00f3 el Acuerdo de Ganancias Compartidas para establecer t\u00e9rminos m\u00e1s alineados con los fundadores de las empresas con las cuales se desea construir proyectos sustentables.<\/p>\t\t\t\t\t\t\t\t<\/div>\n\t\t\t\t<\/div>\n\t\t<div class=\"elementor-element elementor-element-1268717 e-con-full e-flex e-con e-child\" data-id=\"1268717\" data-element_type=\"container\">\n\t\t\t\t<div class=\"elementor-element elementor-element-ec6347d animated-slow elementor-invisible elementor-widget elementor-widget-image\" data-id=\"ec6347d\" data-element_type=\"widget\" data-settings=\"{&quot;_animation&quot;:&quot;slideInRight&quot;,&quot;_animation_delay&quot;:300}\" data-widget_type=\"image.default\">\n\t\t\t\t\t\t\t\t\t\t\t\t\t\t\t<img fetchpriority=\"high\" decoding=\"async\" width=\"400\" height=\"201\" src=\"https:\/\/ike-limited.com\/wp-content\/uploads\/2025\/10\/mapa-logo.webp\" class=\"attachment-full size-full wp-image-1731\" alt=\"\" srcset=\"https:\/\/ike-limited.com\/wp-content\/uploads\/2025\/10\/mapa-logo.webp 400w, https:\/\/ike-limited.com\/wp-content\/uploads\/2025\/10\/mapa-logo-300x151.webp 300w, https:\/\/ike-limited.com\/wp-content\/uploads\/2025\/10\/mapa-logo-18x9.webp 18w\" sizes=\"(max-width: 400px) 100vw, 400px\" \/>\t\t\t\t\t\t\t\t\t\t\t\t\t\t\t<\/div>\n\t\t\t\t<\/div>\n\t\t\t\t\t<\/div>\n\t\t\t\t<\/div>\n\t\t\t\t<div class=\"elementor-element elementor-element-3eb5e2f elementor-widget-divider--view-line elementor-invisible elementor-widget elementor-widget-divider\" data-id=\"3eb5e2f\" data-element_type=\"widget\" data-settings=\"{&quot;_animation&quot;:&quot;zoomIn&quot;}\" data-widget_type=\"divider.default\">\n\t\t\t\t\t\t\t<div class=\"elementor-divider\">\n\t\t\t<span class=\"elementor-divider-separator\">\n\t\t\t\t\t\t<\/span>\n\t\t<\/div>\n\t\t\t\t\t\t<\/div>\n\t\t\t\t\t<\/div>\n\t\t\t\t<\/div>\n\t\t<div class=\"elementor-element elementor-element-23af42f e-flex e-con-boxed e-con e-parent\" data-id=\"23af42f\" data-element_type=\"container\">\n\t\t\t\t\t<div class=\"e-con-inner\">\n\t\t\t\t<div class=\"elementor-element elementor-element-d1092d3 elementor-invisible elementor-widget elementor-widget-text-editor\" data-id=\"d1092d3\" data-element_type=\"widget\" data-settings=\"{&quot;_animation&quot;:&quot;slideInLeft&quot;}\" data-widget_type=\"text-editor.default\">\n\t\t\t\t\t\t\t\t\t<p>NUESTRAS CREENCIAS<\/p>\t\t\t\t\t\t\t\t<\/div>\n\t\t\t\t<div class=\"elementor-element elementor-element-2e2eca0 degradado elementor-invisible elementor-widget elementor-widget-text-editor\" data-id=\"2e2eca0\" data-element_type=\"widget\" data-settings=\"{&quot;_animation&quot;:&quot;slideInLeft&quot;}\" data-widget_type=\"text-editor.default\">\n\t\t\t\t\t\t\t\t\t<p>Las empresas son resilientes y tienen ambiciones a largo plazo.<\/p>\t\t\t\t\t\t\t\t<\/div>\n\t\t\t\t<div class=\"elementor-element elementor-element-05871ea degradado elementor-invisible elementor-widget elementor-widget-text-editor\" data-id=\"05871ea\" data-element_type=\"widget\" data-settings=\"{&quot;_animation&quot;:&quot;slideInLeft&quot;}\" data-widget_type=\"text-editor.default\">\n\t\t\t\t\t\t\t\t\t<p>Las empresas se mantienen firmes en sus convicciones, incluso en tiempos agitados.<\/p>\t\t\t\t\t\t\t\t<\/div>\n\t\t\t\t<div class=\"elementor-element elementor-element-447c0de degradado elementor-invisible elementor-widget elementor-widget-text-editor\" data-id=\"447c0de\" data-element_type=\"widget\" data-settings=\"{&quot;_animation&quot;:&quot;slideInLeft&quot;}\" data-widget_type=\"text-editor.default\">\n\t\t\t\t\t\t\t\t\t<p>Ananke Venture Inc. potencializa el talento de todo su equipo.<\/p>\t\t\t\t\t\t\t\t<\/div>\n\t\t\t\t<div class=\"elementor-element elementor-element-76fb62f degradado elementor-invisible elementor-widget elementor-widget-text-editor\" data-id=\"76fb62f\" data-element_type=\"widget\" data-settings=\"{&quot;_animation&quot;:&quot;slideInLeft&quot;}\" data-widget_type=\"text-editor.default\">\n\t\t\t\t\t\t\t\t\t<p>Las empresas no sacrifican la sostenibilidad a largo plazo del negocio por el crecimiento a corto plazo.<\/p>\t\t\t\t\t\t\t\t<\/div>\n\t\t\t\t<div class=\"elementor-element elementor-element-0d691ee elementor-widget-divider--view-line elementor-invisible elementor-widget elementor-widget-divider\" data-id=\"0d691ee\" data-element_type=\"widget\" data-settings=\"{&quot;_animation&quot;:&quot;fadeIn&quot;}\" data-widget_type=\"divider.default\">\n\t\t\t\t\t\t\t<div class=\"elementor-divider\">\n\t\t\t<span class=\"elementor-divider-separator\">\n\t\t\t\t\t\t<\/span>\n\t\t<\/div>\n\t\t\t\t\t\t<\/div>\n\t\t\t\t\t<\/div>\n\t\t\t\t<\/div>\n\t\t<div class=\"elementor-element elementor-element-f3f5b44 e-flex e-con-boxed e-con e-parent\" data-id=\"f3f5b44\" data-element_type=\"container\">\n\t\t\t\t\t<div class=\"e-con-inner\">\n\t\t<div class=\"elementor-element elementor-element-a264856 e-flex e-con-boxed e-con e-child\" data-id=\"a264856\" data-element_type=\"container\">\n\t\t\t\t\t<div class=\"e-con-inner\">\n\t\t\t\t<div class=\"elementor-element elementor-element-612d019 animated-fast elementor-invisible elementor-widget elementor-widget-text-editor\" data-id=\"612d019\" data-element_type=\"widget\" data-settings=\"{&quot;_animation&quot;:&quot;fadeIn&quot;}\" data-widget_type=\"text-editor.default\">\n\t\t\t\t\t\t\t\t\t<p>NUESTRA MISI\u00d3N<\/p>\t\t\t\t\t\t\t\t<\/div>\n\t\t\t\t<div class=\"elementor-element elementor-element-a152c0c elementor-invisible elementor-widget elementor-widget-text-editor\" data-id=\"a152c0c\" data-element_type=\"widget\" data-settings=\"{&quot;_animation&quot;:&quot;fadeIn&quot;}\" data-widget_type=\"text-editor.default\">\n\t\t\t\t\t\t\t\t\t<p>Nuestra misi\u00f3n es maximizar el \u00e9xito de los emprendedores en los cuales invertimos en los sectores de tecnolog\u00eda e informaci\u00f3n, construcci\u00f3n, industria, comercio, financiero y energ\u00e9tico a nivel global (Las Am\u00e9ricas, Europa y Asia).<\/p>\t\t\t\t\t\t\t\t<\/div>\n\t\t\t\t\t<\/div>\n\t\t\t\t<\/div>\n\t\t\t\t\t<\/div>\n\t\t\t\t<\/div>\n\t\t<div class=\"elementor-element elementor-element-3ea4558 e-flex e-con-boxed e-con e-parent\" data-id=\"3ea4558\" data-element_type=\"container\">\n\t\t\t\t\t<div class=\"e-con-inner\">\n\t\t<div class=\"elementor-element elementor-element-6ef75c6 e-con-full e-flex e-con e-child\" data-id=\"6ef75c6\" data-element_type=\"container\" data-settings=\"{&quot;background_background&quot;:&quot;classic&quot;}\">\n\t\t\t\t<\/div>\n\t\t\t\t\t<\/div>\n\t\t\t\t<\/div>\n\t\t\t\t<\/div>","protected":false},"excerpt":{"rendered":"<p>About us ABOUT US Inti Killa Enterprises Limited is a corporation that invests in early-stage companies focused on technology and information, construction, industrial, trade, financial and energy sectors globally (the Americas, Europe and Asia). We are an innovative team that focuses on financing entrepreneurs who want to create sustainable and profitable businesses. Inti Killa Enterprises [&hellip;]<\/p>","protected":false},"author":2,"featured_media":0,"parent":0,"menu_order":0,"comment_status":"closed","ping_status":"closed","template":"elementor_header_footer","meta":{"footnotes":""},"class_list":["post-692","page","type-page","status-publish","hentry"],"_links":{"self":[{"href":"https:\/\/ike-limited.com\/es\/wp-json\/wp\/v2\/pages\/692","targetHints":{"allow":["GET"]}}],"collection":[{"href":"https:\/\/ike-limited.com\/es\/wp-json\/wp\/v2\/pages"}],"about":[{"href":"https:\/\/ike-limited.com\/es\/wp-json\/wp\/v2\/types\/page"}],"author":[{"embeddable":true,"href":"https:\/\/ike-limited.com\/es\/wp-json\/wp\/v2\/users\/2"}],"replies":[{"embeddable":true,"href":"https:\/\/ike-limited.com\/es\/wp-json\/wp\/v2\/comments?post=692"}],"version-history":[{"count":69,"href":"https:\/\/ike-limited.com\/es\/wp-json\/wp\/v2\/pages\/692\/revisions"}],"predecessor-version":[{"id":2569,"href":"https:\/\/ike-limited.com\/es\/wp-json\/wp\/v2\/pages\/692\/revisions\/2569"}],"wp:attachment":[{"href":"https:\/\/ike-limited.com\/es\/wp-json\/wp\/v2\/media?parent=692"}],"curies":[{"name":"wp","href":"https:\/\/api.w.org\/{rel}","templated":true}]}}