{"id":909,"date":"2025-02-24T17:47:24","date_gmt":"2025-02-24T17:47:24","guid":{"rendered":"https:\/\/ananke-venture.com\/?page_id=909"},"modified":"2025-11-19T00:47:58","modified_gmt":"2025-11-19T00:47:58","slug":"aplicar-como-inversor","status":"publish","type":"page","link":"https:\/\/ike-limited.com\/es\/aplicar-como-inversor\/","title":{"rendered":"Aplicar como inversor"},"content":{"rendered":"<div data-elementor-type=\"wp-page\" data-elementor-id=\"909\" class=\"elementor elementor-909\">\n\t\t\t\t<div class=\"elementor-element elementor-element-1c3ce31 e-flex e-con-boxed e-con e-parent\" data-id=\"1c3ce31\" data-element_type=\"container\">\n\t\t\t\t\t<div class=\"e-con-inner\">\n\t\t\t\t<div class=\"elementor-element elementor-element-2799a27 elementor-invisible elementor-widget elementor-widget-text-editor\" data-id=\"2799a27\" data-element_type=\"widget\" data-settings=\"{&quot;_animation&quot;:&quot;fadeIn&quot;}\" data-widget_type=\"text-editor.default\">\n\t\t\t\t\t\t\t\t\t<h1>INVERTIR<\/h1>\t\t\t\t\t\t\t\t<\/div>\n\t\t<div class=\"elementor-element elementor-element-4af0d65 e-flex e-con-boxed e-con e-child\" data-id=\"4af0d65\" data-element_type=\"container\" data-settings=\"{&quot;background_background&quot;:&quot;classic&quot;}\">\n\t\t\t\t\t<div class=\"e-con-inner\">\n\t\t\t\t<div class=\"elementor-element elementor-element-e98adbc elementor-invisible elementor-widget elementor-widget-text-editor\" data-id=\"e98adbc\" data-element_type=\"widget\" data-settings=\"{&quot;_animation&quot;:&quot;slideInLeft&quot;}\" data-widget_type=\"text-editor.default\">\n\t\t\t\t\t\t\t\t\t<p>APLICAR COMO INVERSIONISTA:<\/p>\t\t\t\t\t\t\t\t<\/div>\n\t\t\t\t<div class=\"elementor-element elementor-element-b0f4a76 elementor-invisible elementor-widget elementor-widget-text-editor\" data-id=\"b0f4a76\" data-element_type=\"widget\" data-settings=\"{&quot;_animation&quot;:&quot;slideInLeft&quot;}\" data-widget_type=\"text-editor.default\">\n\t\t\t\t\t\t\t\t\t<p>\u00bfEres un inversionista y deseas respaldar e impulsar el crecimiento de una empresa o proyecto? En Inti Killa Enterprises Limited., invertimos en empresas en su etapa inicial que ya hayan generado ingresos y que tienen un camino claro hacia un modelo rentable, tiempos m\u00e1s r\u00e1pidos para obtener el retorno de la inversi\u00f3n, tasas de fracaso mas bajas y que no dependan de financiamiento posterior.<\/p>\t\t\t\t\t\t\t\t<\/div>\n\t\t\t\t<div class=\"elementor-element elementor-element-28767b2 elementor-widget__width-initial animated-slow elementor-invisible elementor-widget elementor-widget-image\" data-id=\"28767b2\" data-element_type=\"widget\" data-settings=\"{&quot;_animation&quot;:&quot;fadeIn&quot;}\" data-widget_type=\"image.default\">\n\t\t\t\t\t\t\t\t\t\t\t\t\t\t\t<img decoding=\"async\" width=\"140\" height=\"300\" src=\"https:\/\/ike-limited.com\/wp-content\/uploads\/2025\/11\/isologo.webp\" class=\"attachment-full size-full wp-image-2120\" alt=\"\" srcset=\"https:\/\/ike-limited.com\/wp-content\/uploads\/2025\/11\/isologo.webp 140w, https:\/\/ike-limited.com\/wp-content\/uploads\/2025\/11\/isologo-6x12.webp 6w\" sizes=\"(max-width: 140px) 100vw, 140px\" \/>\t\t\t\t\t\t\t\t\t\t\t\t\t\t\t<\/div>\n\t\t\t\t<div class=\"elementor-element elementor-element-e461d94 elementor-invisible elementor-widget elementor-widget-text-editor\" data-id=\"e461d94\" data-element_type=\"widget\" data-settings=\"{&quot;_animation&quot;:&quot;fadeInDown&quot;}\" data-widget_type=\"text-editor.default\">\n\t\t\t\t\t\t\t\t\t<h4>conoce sobre nuestros t\u00e9rminos, condiciones y pol\u00edticas<br \/><strong>y se parte de nuestra corporaci\u00f3n<\/strong><\/h4>\t\t\t\t\t\t\t\t<\/div>\n\t\t\t\t\t<\/div>\n\t\t\t\t<\/div>\n\t\t\t\t\t<\/div>\n\t\t\t\t<\/div>\n\t\t<div class=\"elementor-element elementor-element-f294c05 e-flex e-con-boxed e-con e-parent\" data-id=\"f294c05\" data-element_type=\"container\">\n\t\t\t\t\t<div class=\"e-con-inner\">\n\t\t\t\t<div class=\"elementor-element elementor-element-0d7a869 elementor-widget__width-inherit elementor-invisible elementor-widget elementor-widget-text-editor\" data-id=\"0d7a869\" data-element_type=\"widget\" data-settings=\"{&quot;_animation&quot;:&quot;fadeIn&quot;}\" data-widget_type=\"text-editor.default\">\n\t\t\t\t\t\t\t\t\t<p>Caracter\u00edsticas de empresas o proyectos respaldados por Inti Killa Enterprises Limited.<\/p>\t\t\t\t\t\t\t\t<\/div>\n\t\t<div class=\"elementor-element elementor-element-d051d4c e-con-full e-flex e-con e-child\" data-id=\"d051d4c\" data-element_type=\"container\">\n\t\t\t\t<div class=\"elementor-element elementor-element-6fcd2f2 cuadro elementor-widget__width-initial animated-slow elementor-invisible elementor-widget elementor-widget-text-editor\" data-id=\"6fcd2f2\" data-element_type=\"widget\" data-settings=\"{&quot;_animation&quot;:&quot;fadeInLeft&quot;,&quot;_animation_delay&quot;:200}\" data-widget_type=\"text-editor.default\">\n\t\t\t\t\t\t\t\t\t<p><strong>RENTABLE<\/strong><\/p><p>M\u00e1rgenes s\u00f3lidos y econom\u00eda unitaria.<\/p>\t\t\t\t\t\t\t\t<\/div>\n\t\t\t\t<div class=\"elementor-element elementor-element-8d63c0c cuadro elementor-widget__width-initial animated-slow elementor-invisible elementor-widget elementor-widget-text-editor\" data-id=\"8d63c0c\" data-element_type=\"widget\" data-settings=\"{&quot;_animation&quot;:&quot;fadeInLeft&quot;,&quot;_animation_delay&quot;:200}\" data-widget_type=\"text-editor.default\">\n\t\t\t\t\t\t\t\t\t<p><strong>SOSTENIBLE<\/strong><\/p><p>Optimizaci\u00f3n para un ritmo de crecimiento sostenible.<\/p>\t\t\t\t\t\t\t\t<\/div>\n\t\t\t\t<div class=\"elementor-element elementor-element-475355d cuadro elementor-widget__width-initial animated-slow elementor-invisible elementor-widget elementor-widget-text-editor\" data-id=\"475355d\" data-element_type=\"widget\" data-settings=\"{&quot;_animation&quot;:&quot;fadeInLeft&quot;,&quot;_animation_delay&quot;:200}\" data-widget_type=\"text-editor.default\">\n\t\t\t\t\t\t\t\t\t<p><strong>DISCIPLINADO<\/strong><\/p><p>Eficiencia de capital. No depende de capital externo.<\/p>\t\t\t\t\t\t\t\t<\/div>\n\t\t\t\t<\/div>\n\t\t<div class=\"elementor-element elementor-element-048a4bd e-con-full e-flex e-con e-child\" data-id=\"048a4bd\" data-element_type=\"container\">\n\t\t\t\t<div class=\"elementor-element elementor-element-a552224 cuadro elementor-widget__width-initial animated-slow elementor-invisible elementor-widget elementor-widget-text-editor\" data-id=\"a552224\" data-element_type=\"widget\" data-settings=\"{&quot;_animation&quot;:&quot;fadeInLeft&quot;,&quot;_animation_delay&quot;:200}\" data-widget_type=\"text-editor.default\">\n\t\t\t\t\t\t\t\t\t<p><strong>LARGO PLAZO<\/strong><\/p><p>Construir un equipo que evite el abandono del fundador.<\/p>\t\t\t\t\t\t\t\t<\/div>\n\t\t\t\t<div class=\"elementor-element elementor-element-95f2774 cuadro elementor-widget__width-initial animated-slow elementor-invisible elementor-widget elementor-widget-text-editor\" data-id=\"95f2774\" data-element_type=\"widget\" data-settings=\"{&quot;_animation&quot;:&quot;fadeInLeft&quot;,&quot;_animation_delay&quot;:200}\" data-widget_type=\"text-editor.default\">\n\t\t\t\t\t\t\t\t\t<p><strong>ENFOCADO<\/strong><\/p><p>Centrado en las actividades y el estudio del mercado.<\/p>\t\t\t\t\t\t\t\t<\/div>\n\t\t\t\t<div class=\"elementor-element elementor-element-e859bbb cuadro elementor-widget__width-initial animated-slow elementor-invisible elementor-widget elementor-widget-text-editor\" data-id=\"e859bbb\" data-element_type=\"widget\" data-settings=\"{&quot;_animation&quot;:&quot;fadeInLeft&quot;,&quot;_animation_delay&quot;:200}\" data-widget_type=\"text-editor.default\">\n\t\t\t\t\t\t\t\t\t<p><strong>MENOS RIESGOS<\/strong><\/p><p>Utilizar tecnol\u00f3gicas ya probadas en el mercado que permita alcanzar una tasa de \u00e9xito mucho mayor.<\/p>\t\t\t\t\t\t\t\t<\/div>\n\t\t\t\t<\/div>\n\t\t\t\t\t<\/div>\n\t\t\t\t<\/div>\n\t\t<div class=\"elementor-element elementor-element-ed50b93 e-flex e-con-boxed e-con e-child\" data-id=\"ed50b93\" data-element_type=\"container\">\n\t\t\t\t\t<div class=\"e-con-inner\">\n\t\t\t\t<div class=\"elementor-element elementor-element-8ae81b0 elementor-widget-divider--view-line elementor-invisible elementor-widget elementor-widget-divider\" data-id=\"8ae81b0\" data-element_type=\"widget\" data-settings=\"{&quot;_animation&quot;:&quot;fadeIn&quot;}\" data-widget_type=\"divider.default\">\n\t\t\t\t\t\t\t<div class=\"elementor-divider\">\n\t\t\t<span class=\"elementor-divider-separator\">\n\t\t\t\t\t\t<\/span>\n\t\t<\/div>\n\t\t\t\t\t\t<\/div>\n\t\t\t\t<div class=\"elementor-element elementor-element-289ed7b elementor-invisible elementor-widget elementor-widget-text-editor\" data-id=\"289ed7b\" data-element_type=\"widget\" data-settings=\"{&quot;_animation&quot;:&quot;fadeIn&quot;}\" data-widget_type=\"text-editor.default\">\n\t\t\t\t\t\t\t\t\t<p>Our investments should be applied only in proven assets with viability results and forecasts of market success. The Inti Killa community is made up of mentoring experts and high-level investors who enable companies to be profitable and constantly growing.<\/p>\t\t\t\t\t\t\t\t<\/div>\n\t\t\t\t<div class=\"elementor-element elementor-element-69c6844 elementor-invisible elementor-widget elementor-widget-text-editor\" data-id=\"69c6844\" data-element_type=\"widget\" data-settings=\"{&quot;_animation&quot;:&quot;fadeIn&quot;}\" data-widget_type=\"text-editor.default\">\n\t\t\t\t\t\t\t\t\t<div class=\"elementor-element elementor-element-ed50b93 e-flex e-con-boxed e-con e-child\" data-id=\"ed50b93\" data-element_type=\"container\"><div class=\"e-con-inner\"><div class=\"elementor-element elementor-element-69c6844 elementor-widget elementor-widget-text-editor animated fadeIn\" data-id=\"69c6844\" data-element_type=\"widget\" data-settings=\"{&quot;_animation&quot;:&quot;fadeIn&quot;}\" data-widget_type=\"text-editor.default\"><div class=\"elementor-widget-container\"><p>Fases de Ciclo de vida de una empresa que es rentable y evoluciona de manera constante:<\/p><\/div><\/div><\/div><\/div>\t\t\t\t\t\t\t\t<\/div>\n\t\t\t\t\t<\/div>\n\t\t\t\t<\/div>\n\t\t<div class=\"elementor-element elementor-element-9a80963 e-flex e-con-boxed e-con e-parent\" data-id=\"9a80963\" data-element_type=\"container\">\n\t\t\t\t\t<div class=\"e-con-inner\">\n\t\t\t\t<div class=\"elementor-element elementor-element-c847a26 degradado elementor-invisible elementor-widget elementor-widget-text-editor\" data-id=\"c847a26\" data-element_type=\"widget\" data-settings=\"{&quot;_animation&quot;:&quot;slideInLeft&quot;}\" data-widget_type=\"text-editor.default\">\n\t\t\t\t\t\t\t\t\t<p>Desarrolla productos de acuerdo a la necesidad del mercado.<\/p>\t\t\t\t\t\t\t\t<\/div>\n\t\t\t\t<div class=\"elementor-element elementor-element-b762b71 degradado elementor-invisible elementor-widget elementor-widget-text-editor\" data-id=\"b762b71\" data-element_type=\"widget\" data-settings=\"{&quot;_animation&quot;:&quot;slideInLeft&quot;}\" data-widget_type=\"text-editor.default\">\n\t\t\t\t\t\t\t\t\t<p>Aumenta sus ingresos repetibles.<\/p>\t\t\t\t\t\t\t\t<\/div>\n\t\t\t\t<div class=\"elementor-element elementor-element-eda9acb degradado elementor-invisible elementor-widget elementor-widget-text-editor\" data-id=\"eda9acb\" data-element_type=\"widget\" data-settings=\"{&quot;_animation&quot;:&quot;slideInLeft&quot;}\" data-widget_type=\"text-editor.default\">\n\t\t\t\t\t\t\t\t\t<p>Se convierte en una organizaci\u00f3n s\u00f3lida.<\/p>\t\t\t\t\t\t\t\t<\/div>\n\t\t\t\t<div class=\"elementor-element elementor-element-f27c322 degradado elementor-invisible elementor-widget elementor-widget-text-editor\" data-id=\"f27c322\" data-element_type=\"widget\" data-settings=\"{&quot;_animation&quot;:&quot;slideInLeft&quot;}\" data-widget_type=\"text-editor.default\">\n\t\t\t\t\t\t\t\t\t<p>Administra y optimiza el capital de trabajo.<\/p>\t\t\t\t\t\t\t\t<\/div>\n\t\t\t\t\t<\/div>\n\t\t\t\t<\/div>\n\t\t\t\t<\/div>","protected":false},"excerpt":{"rendered":"<p>INVEST APPLY AS AN INVESTOR: Are you an investor and want to support and promote the growth of a company or project? At Inti Killa Enterprises Limited., we invest in early-stage companies that have already generated revenue and have a clear path to a profitable model, faster times to ROI, lower failure rates, and are [&hellip;]<\/p>","protected":false},"author":2,"featured_media":0,"parent":0,"menu_order":0,"comment_status":"closed","ping_status":"closed","template":"elementor_header_footer","meta":{"footnotes":""},"class_list":["post-909","page","type-page","status-publish","hentry"],"_links":{"self":[{"href":"https:\/\/ike-limited.com\/es\/wp-json\/wp\/v2\/pages\/909","targetHints":{"allow":["GET"]}}],"collection":[{"href":"https:\/\/ike-limited.com\/es\/wp-json\/wp\/v2\/pages"}],"about":[{"href":"https:\/\/ike-limited.com\/es\/wp-json\/wp\/v2\/types\/page"}],"author":[{"embeddable":true,"href":"https:\/\/ike-limited.com\/es\/wp-json\/wp\/v2\/users\/2"}],"replies":[{"embeddable":true,"href":"https:\/\/ike-limited.com\/es\/wp-json\/wp\/v2\/comments?post=909"}],"version-history":[{"count":60,"href":"https:\/\/ike-limited.com\/es\/wp-json\/wp\/v2\/pages\/909\/revisions"}],"predecessor-version":[{"id":2566,"href":"https:\/\/ike-limited.com\/es\/wp-json\/wp\/v2\/pages\/909\/revisions\/2566"}],"wp:attachment":[{"href":"https:\/\/ike-limited.com\/es\/wp-json\/wp\/v2\/media?parent=909"}],"curies":[{"name":"wp","href":"https:\/\/api.w.org\/{rel}","templated":true}]}}